{"id":742,"date":"2019-02-06T09:29:52","date_gmt":"2019-02-06T09:29:52","guid":{"rendered":"https:\/\/barrabesmil.net\/digitalnomad\/?page_id=742"},"modified":"2025-02-15T12:25:44","modified_gmt":"2025-02-15T12:25:44","slug":"cursos","status":"publish","type":"page","link":"https:\/\/barrabesmil.net\/digitalnomad\/cursos\/","title":{"rendered":"Cursos"},"content":{"rendered":"<p>[et_pb_section fb_built=\u00bb1&#8243; fullwidth=\u00bbon\u00bb _builder_version=\u00bb4.16&#8243; background_color=\u00bb#000000&#8243; parallax=\u00bbon\u00bb custom_padding=\u00bb0px|0px|0|0|false|false\u00bb global_colors_info=\u00bb{}\u00bb][et_pb_fullwidth_slider _builder_version=\u00bb4.19.5&#8243; header_font=\u00bb||||||||\u00bb background_color=\u00bb#000000&#8243; background_image=\u00bbhttps:\/\/barrabesmil.net\/digitalnomad\/wp-content\/uploads\/2023\/02\/Paraiso900.jpg\u00bb hover_transition_duration=\u00bb150ms\u00bb hover_transition_delay=\u00bb250ms\u00bb hover_transition_speed_curve=\u00bblinear\u00bb link_option_url=\u00bbhttps:\/\/www.udemy.com\/user\/andres-fernandez-barrabes\/\u00bb link_option_url_new_window=\u00bbon\u00bb global_colors_info=\u00bb{}\u00bb][et_pb_slide heading=\u00bb\u00bfQuieres trabajar  desde cualquier parte?\u00bb button_text=\u00bbMe interesa\u00bb button_link=\u00bbhttps:\/\/www.udemy.com\/user\/andres-fernandez-barrabes\/\u00bb url_new_window=\u00bbon\u00bb _builder_version=\u00bb4.19.5&#8243; header_font=\u00bb||||||||\u00bb link_option_url_new_window=\u00bbon\u00bb global_colors_info=\u00bb{}\u00bb sticky_transition=\u00bbon\u00bb]<\/p>\n<p><img loading=\"lazy\" decoding=\"async\" src=\"https:\/\/barrabesmil.net\/digitalnomad\/wp-content\/uploads\/2023\/02\/LOGO-AULA-DE-ORO-300x00-1-300x300.png\" width=\"233\" height=\"233\" alt=\"\" class=\"wp-image-1364 alignnone size-medium\" srcset=\"https:\/\/barrabesmil.net\/digitalnomad\/wp-content\/uploads\/2023\/02\/LOGO-AULA-DE-ORO-300x00-1.png 300w, https:\/\/barrabesmil.net\/digitalnomad\/wp-content\/uploads\/2023\/02\/LOGO-AULA-DE-ORO-300x00-1-150x150.png 150w\" sizes=\"auto, (max-width: 233px) 100vw, 233px\" \/><br \/><strong><span style=\"font-size: 18px;\">Solo necesitas una conexi\u00f3n a Internet.<\/span><\/strong><\/p>\n<p>[\/et_pb_slide][et_pb_slide heading=\u00bb\u00a1Puedes vivir donde quieras!\u00bb button_text=\u00bb\u00a1Me apetece!\u00bb button_link=\u00bbhttps:\/\/www.udemy.com\/user\/andres-fernandez-barrabes\/\u00bb url_new_window=\u00bbon\u00bb _builder_version=\u00bb4.19.5&#8243; global_colors_info=\u00bb{}\u00bb sticky_transition=\u00bbon\u00bb]<\/p>\n<p><strong><span style=\"font-size: 18px;\">Aprende<\/span><span style=\"font-size: 18px;\">\u00a0a dinamizar Redes Sociales y conseguir\u00e1s independencia econ\u00f3mica<\/span><\/strong><\/p>\n<p>[\/et_pb_slide][et_pb_slide heading=\u00bb\u00a1Aula de Oro te ayudar\u00e1 a conseguirlo!\u00bb button_text=\u00bbS\u00ed, quiero!\u00bb button_link=\u00bbhttps:\/\/www.udemy.com\/user\/andres-fernandez-barrabes\/\u00bb url_new_window=\u00bbon\u00bb image=\u00bbhttps:\/\/barrabesmil.net\/digitalnomad\/wp-content\/uploads\/2023\/02\/LOGO-AULA-DE-ORO-300&#215;00-1.png\u00bb _builder_version=\u00bb4.19.5&#8243; header_font=\u00bb||||||||\u00bb link_option_url_new_window=\u00bbon\u00bb global_colors_info=\u00bb{}\u00bb sticky_transition=\u00bbon\u00bb]<\/p>\n<p><strong>\u00a1Ap\u00fantate a mi curso de Udemy y convi\u00e9rtete en Streamer o en Community Manager!<\/strong><\/p>\n<p>[\/et_pb_slide][\/et_pb_fullwidth_slider][\/et_pb_section][et_pb_section fb_built=\u00bb1&#8243; _builder_version=\u00bb4.16&#8243; custom_padding=\u00bb39px|0px|0|0px|false|false\u00bb global_colors_info=\u00bb{}\u00bb][et_pb_row _builder_version=\u00bb4.16&#8243; custom_padding=\u00bb0|0px|0|0px|false|false\u00bb global_colors_info=\u00bb{}\u00bb][et_pb_column type=\u00bb4_4&#8243; _builder_version=\u00bb4.16&#8243; custom_padding=\u00bb|||\u00bb global_colors_info=\u00bb{}\u00bb custom_padding__hover=\u00bb|||\u00bb][et_pb_divider color=\u00bb#000000&#8243; divider_weight=\u00bb3px\u00bb _builder_version=\u00bb4.16&#8243; global_colors_info=\u00bb{}\u00bb min_height=\u00bb17.8px\u00bb][\/et_pb_divider][\/et_pb_column][\/et_pb_row][et_pb_row _builder_version=\u00bb4.16&#8243; custom_padding=\u00bb27px|0px|0|0px|false|false\u00bb global_colors_info=\u00bb{}\u00bb min_height=\u00bb365.8px\u00bb][et_pb_column type=\u00bb4_4&#8243; _builder_version=\u00bb4.16&#8243; custom_padding=\u00bb|||\u00bb global_colors_info=\u00bb{}\u00bb custom_padding__hover=\u00bb|||\u00bb][et_pb_image src=\u00bbhttps:\/\/barrabesmil.net\/digitalnomad\/wp-content\/uploads\/2025\/02\/2088584_4ed7_9.jpg\u00bb alt=\u00bbCurso de Community Manager y Social Media Marketing.\u00bb title_text=\u00bbCurso de Community Manager \u00bb url=\u00bbhttps:\/\/www.udemy.com\/community-manager-x\/?couponCode=DIGITAL_NOMAD50&#8243; url_new_window=\u00bbon\u00bb show_bottom_space=\u00bboff\u00bb align=\u00bbcenter\u00bb align_tablet=\u00bbcenter\u00bb align_phone=\u00bbcenter\u00bb align_last_edited=\u00bbon|desktop\u00bb _builder_version=\u00bb4.21.0&#8243; custom_padding=\u00bb||29px|||\u00bb hover_enabled=\u00bb0&#8243; global_colors_info=\u00bb{}\u00bb sticky_enabled=\u00bb0&#8243;][\/et_pb_image][et_pb_button button_url=\u00bbhttps:\/\/www.udemy.com\/community-manager-x\/?couponCode=DIGITAL_NOMAD50&#8243; url_new_window=\u00bbon\u00bb button_text=\u00bbCURSO PARA DOMINAR LAS REDES SOCIALES\u00bb button_alignment=\u00bbcenter\u00bb _builder_version=\u00bb4.21.0&#8243; global_colors_info=\u00bb{}\u00bb min_height=\u00bb114px\u00bb][\/et_pb_button][et_pb_divider color=\u00bb#000000&#8243; divider_weight=\u00bb3px\u00bb _builder_version=\u00bb4.16&#8243; global_colors_info=\u00bb{}\u00bb min_height=\u00bb23.8px\u00bb][\/et_pb_divider][\/et_pb_column][\/et_pb_row][et_pb_row column_structure=\u00bb1_2,1_2&#8243; _builder_version=\u00bb4.19.5&#8243; custom_padding=\u00bb15px|0px|20px|0px|false|false\u00bb global_colors_info=\u00bb{}\u00bb][et_pb_column type=\u00bb1_2&#8243; _builder_version=\u00bb4.16&#8243; custom_padding=\u00bb|||\u00bb global_colors_info=\u00bb{}\u00bb custom_padding__hover=\u00bb|||\u00bb][et_pb_testimonial author=\u00bbMar\u00eda Piedad Garc\u00eda G.\u00bb portrait_url=\u00bbdata:image\/svg+xml;base64,PHN2ZyB3aWR0aD0iNTAwIiBoZWlnaHQ9IjUwMCIgdmlld0JveD0iMCAwIDUwMCA1MDAiIHhtbG5zPSJodHRwOi8vd3d3LnczLm9yZy8yMDAwL3N2ZyI+CiAgICA8ZyBmaWxsPSJub25lIiBmaWxsLXJ1bGU9ImV2ZW5vZGQiPgogICAgICAgIDxwYXRoIGZpbGw9IiNFQkVCRUIiIGQ9Ik0wIDBoNTAwdjUwMEgweiIvPgogICAgICAgIDxyZWN0IGZpbGwtb3BhY2l0eT0iLjEiIGZpbGw9IiMwMDAiIHg9IjY4IiB5PSIzMDUiIHdpZHRoPSIzNjQiIGhlaWdodD0iNTY4IiByeD0iMTgyIi8+CiAgICAgICAgPGNpcmNsZSBmaWxsLW9wYWNpdHk9Ii4xIiBmaWxsPSIjMDAwIiBjeD0iMjQ5IiBjeT0iMTcyIiByPSIxMDAiLz4KICAgIDwvZz4KPC9zdmc+Cg==\u00bb _builder_version=\u00bb4.19.5&#8243; global_colors_info=\u00bb{}\u00bb]<\/p>\n<p><span>Eficaz y eficiente curso de iniciaci\u00f3n que me entusiasma e impulsa, a modo de trampol\u00edn te\u00f3rico, a empezar una nueva andadura laboral con ilusi\u00f3n. Gracias por las pistas para seguir profundizando y ampliar conocimientos. Felicidades!<\/span><\/p>\n<p>[\/et_pb_testimonial][et_pb_testimonial author=\u00bbGabriela Cruz Medrano\u00bb portrait_url=\u00bbdata:image\/svg+xml;base64,PHN2ZyB3aWR0aD0iNTAwIiBoZWlnaHQ9IjUwMCIgdmlld0JveD0iMCAwIDUwMCA1MDAiIHhtbG5zPSJodHRwOi8vd3d3LnczLm9yZy8yMDAwL3N2ZyI+CiAgICA8ZyBmaWxsPSJub25lIiBmaWxsLXJ1bGU9ImV2ZW5vZGQiPgogICAgICAgIDxwYXRoIGZpbGw9IiNFQkVCRUIiIGQ9Ik0wIDBoNTAwdjUwMEgweiIvPgogICAgICAgIDxyZWN0IGZpbGwtb3BhY2l0eT0iLjEiIGZpbGw9IiMwMDAiIHg9IjY4IiB5PSIzMDUiIHdpZHRoPSIzNjQiIGhlaWdodD0iNTY4IiByeD0iMTgyIi8+CiAgICAgICAgPGNpcmNsZSBmaWxsLW9wYWNpdHk9Ii4xIiBmaWxsPSIjMDAwIiBjeD0iMjQ5IiBjeT0iMTcyIiByPSIxMDAiLz4KICAgIDwvZz4KPC9zdmc+Cg==\u00bb _builder_version=\u00bb4.16&#8243; global_colors_info=\u00bb{}\u00bb]<\/p>\n<p><span>Porque es muy digerible, lenguaje muy sencillo para cualquier persona. Me gust\u00f3 muchisimo el curso, gracias tambi\u00e9n por tus palabras finales Andr\u00e9s!!<\/span><\/p>\n<p>[\/et_pb_testimonial][\/et_pb_column][et_pb_column type=\u00bb1_2&#8243; _builder_version=\u00bb4.16&#8243; custom_padding=\u00bb|||\u00bb global_colors_info=\u00bb{}\u00bb custom_padding__hover=\u00bb|||\u00bb][et_pb_testimonial author=\u00bbN\u00e9stor Aguila V.\u00bb portrait_url=\u00bbdata:image\/svg+xml;base64,PHN2ZyB3aWR0aD0iNTAwIiBoZWlnaHQ9IjUwMCIgdmlld0JveD0iMCAwIDUwMCA1MDAiIHhtbG5zPSJodHRwOi8vd3d3LnczLm9yZy8yMDAwL3N2ZyI+CiAgICA8ZyBmaWxsPSJub25lIiBmaWxsLXJ1bGU9ImV2ZW5vZGQiPgogICAgICAgIDxwYXRoIGZpbGw9IiNFQkVCRUIiIGQ9Ik0wIDBoNTAwdjUwMEgweiIvPgogICAgICAgIDxyZWN0IGZpbGwtb3BhY2l0eT0iLjEiIGZpbGw9IiMwMDAiIHg9IjY4IiB5PSIzMDUiIHdpZHRoPSIzNjQiIGhlaWdodD0iNTY4IiByeD0iMTgyIi8+CiAgICAgICAgPGNpcmNsZSBmaWxsLW9wYWNpdHk9Ii4xIiBmaWxsPSIjMDAwIiBjeD0iMjQ5IiBjeT0iMTcyIiByPSIxMDAiLz4KICAgIDwvZz4KPC9zdmc+Cg==\u00bb _builder_version=\u00bb4.19.5&#8243; global_colors_info=\u00bb{}\u00bb]<\/p>\n<p data-purpose=\"user-name\"><span>Es un gran curso. Quiz\u00e1 convendr\u00eda que Andr\u00e9s hiciera m\u00e1s cursos acerca de cada red social, para as\u00ed detallar cada aspecto de su funcionamiento y optimizaci\u00f3n. Es muy claro al explicar y muy concreto. <br \/><\/span><span>A por su curso de Youtube.<\/span><\/p>\n<p>[\/et_pb_testimonial][et_pb_testimonial author=\u00bbDavid Manero\u00bb portrait_url=\u00bbdata:image\/svg+xml;base64,PHN2ZyB3aWR0aD0iNTAwIiBoZWlnaHQ9IjUwMCIgdmlld0JveD0iMCAwIDUwMCA1MDAiIHhtbG5zPSJodHRwOi8vd3d3LnczLm9yZy8yMDAwL3N2ZyI+CiAgICA8ZyBmaWxsPSJub25lIiBmaWxsLXJ1bGU9ImV2ZW5vZGQiPgogICAgICAgIDxwYXRoIGZpbGw9IiNFQkVCRUIiIGQ9Ik0wIDBoNTAwdjUwMEgweiIvPgogICAgICAgIDxyZWN0IGZpbGwtb3BhY2l0eT0iLjEiIGZpbGw9IiMwMDAiIHg9IjY4IiB5PSIzMDUiIHdpZHRoPSIzNjQiIGhlaWdodD0iNTY4IiByeD0iMTgyIi8+CiAgICAgICAgPGNpcmNsZSBmaWxsLW9wYWNpdHk9Ii4xIiBmaWxsPSIjMDAwIiBjeD0iMjQ5IiBjeT0iMTcyIiByPSIxMDAiLz4KICAgIDwvZz4KPC9zdmc+Cg==\u00bb _builder_version=\u00bb4.16&#8243; global_colors_info=\u00bb{}\u00bb]<\/p>\n<p data-purpose=\"user-name\"><span>El instructor es muy comunicativo y se nota que es un experto en el tema. Estoy seguro de que podr\u00e9 aprovechar el curso much\u00edsimo. \u00a1\u00a1\u00a1Gracias Andr\u00e9s!!!<\/span><\/p>\n<p>[\/et_pb_testimonial][\/et_pb_column][\/et_pb_row][et_pb_row column_structure=\u00bb1_2,1_2&#8243; _builder_version=\u00bb4.16&#8243; custom_padding=\u00bb0|0px|16px|0px|false|false\u00bb global_colors_info=\u00bb{}\u00bb][et_pb_column type=\u00bb1_2&#8243; _builder_version=\u00bb4.16&#8243; custom_padding=\u00bb|||\u00bb global_colors_info=\u00bb{}\u00bb custom_padding__hover=\u00bb|||\u00bb][et_pb_testimonial author=\u00bbEnis P\u00e9rez\u00bb portrait_url=\u00bbdata:image\/svg+xml;base64,PHN2ZyB3aWR0aD0iNTAwIiBoZWlnaHQ9IjUwMCIgdmlld0JveD0iMCAwIDUwMCA1MDAiIHhtbG5zPSJodHRwOi8vd3d3LnczLm9yZy8yMDAwL3N2ZyI+CiAgICA8ZyBmaWxsPSJub25lIiBmaWxsLXJ1bGU9ImV2ZW5vZGQiPgogICAgICAgIDxwYXRoIGZpbGw9IiNFQkVCRUIiIGQ9Ik0wIDBoNTAwdjUwMEgweiIvPgogICAgICAgIDxyZWN0IGZpbGwtb3BhY2l0eT0iLjEiIGZpbGw9IiMwMDAiIHg9IjY4IiB5PSIzMDUiIHdpZHRoPSIzNjQiIGhlaWdodD0iNTY4IiByeD0iMTgyIi8+CiAgICAgICAgPGNpcmNsZSBmaWxsLW9wYWNpdHk9Ii4xIiBmaWxsPSIjMDAwIiBjeD0iMjQ5IiBjeT0iMTcyIiByPSIxMDAiLz4KICAgIDwvZz4KPC9zdmc+Cg==\u00bb _builder_version=\u00bb4.16&#8243; global_colors_info=\u00bb{}\u00bb]<\/p>\n<div aria-label=\"Calificaci\u00f3n: 5 de 5\" data-purpose=\"star-rating-shell\" class=\"star-rating-shell star-rating--star-rating--static--3wPvS star-rating--star-rating--smaller--2Iva0\"><\/div>\n<div class=\"view-more-container--view-more--25_En\">\n<div>\n<div>Hasta este tema del curso es excelente. Me tiene fascinada. Gracias<\/div>\n<\/div>\n<\/div>\n<p>[\/et_pb_testimonial][\/et_pb_column][et_pb_column type=\u00bb1_2&#8243; _builder_version=\u00bb4.16&#8243; custom_padding=\u00bb|||\u00bb global_colors_info=\u00bb{}\u00bb custom_padding__hover=\u00bb|||\u00bb][et_pb_testimonial author=\u00bbDomingo Jes\u00fas Gonz\u00e1lez D\u00edaz\u00bb portrait_url=\u00bbdata:image\/svg+xml;base64,PHN2ZyB3aWR0aD0iNTAwIiBoZWlnaHQ9IjUwMCIgdmlld0JveD0iMCAwIDUwMCA1MDAiIHhtbG5zPSJodHRwOi8vd3d3LnczLm9yZy8yMDAwL3N2ZyI+CiAgICA8ZyBmaWxsPSJub25lIiBmaWxsLXJ1bGU9ImV2ZW5vZGQiPgogICAgICAgIDxwYXRoIGZpbGw9IiNFQkVCRUIiIGQ9Ik0wIDBoNTAwdjUwMEgweiIvPgogICAgICAgIDxyZWN0IGZpbGwtb3BhY2l0eT0iLjEiIGZpbGw9IiMwMDAiIHg9IjY4IiB5PSIzMDUiIHdpZHRoPSIzNjQiIGhlaWdodD0iNTY4IiByeD0iMTgyIi8+CiAgICAgICAgPGNpcmNsZSBmaWxsLW9wYWNpdHk9Ii4xIiBmaWxsPSIjMDAwIiBjeD0iMjQ5IiBjeT0iMTcyIiByPSIxMDAiLz4KICAgIDwvZz4KPC9zdmc+Cg==\u00bb _builder_version=\u00bb4.16&#8243; global_colors_info=\u00bb{}\u00bb]<\/p>\n<p><span>Por el momento cumple a la perfecci\u00f3n mis expectativas<\/span><\/p>\n<p>[\/et_pb_testimonial][\/et_pb_column][\/et_pb_row][et_pb_row column_structure=\u00bb1_2,1_2&#8243; _builder_version=\u00bb4.16&#8243; custom_padding=\u00bb5px|0px|27px|0px|false|false\u00bb global_colors_info=\u00bb{}\u00bb][et_pb_column type=\u00bb1_2&#8243; _builder_version=\u00bb4.16&#8243; custom_padding=\u00bb|||\u00bb global_colors_info=\u00bb{}\u00bb custom_padding__hover=\u00bb|||\u00bb][et_pb_testimonial author=\u00bbMaria Paula Cipolletta Gowland\u00bb portrait_url=\u00bbdata:image\/svg+xml;base64,PHN2ZyB3aWR0aD0iNTAwIiBoZWlnaHQ9IjUwMCIgdmlld0JveD0iMCAwIDUwMCA1MDAiIHhtbG5zPSJodHRwOi8vd3d3LnczLm9yZy8yMDAwL3N2ZyI+CiAgICA8ZyBmaWxsPSJub25lIiBmaWxsLXJ1bGU9ImV2ZW5vZGQiPgogICAgICAgIDxwYXRoIGZpbGw9IiNFQkVCRUIiIGQ9Ik0wIDBoNTAwdjUwMEgweiIvPgogICAgICAgIDxyZWN0IGZpbGwtb3BhY2l0eT0iLjEiIGZpbGw9IiMwMDAiIHg9IjY4IiB5PSIzMDUiIHdpZHRoPSIzNjQiIGhlaWdodD0iNTY4IiByeD0iMTgyIi8+CiAgICAgICAgPGNpcmNsZSBmaWxsLW9wYWNpdHk9Ii4xIiBmaWxsPSIjMDAwIiBjeD0iMjQ5IiBjeT0iMTcyIiByPSIxMDAiLz4KICAgIDwvZz4KPC9zdmc+Cg==\u00bb _builder_version=\u00bb4.16&#8243; global_colors_info=\u00bb{}\u00bb]<\/p>\n<p><span>El curso es muy completo, las explicaciones son muy claras, hice varios cursos sobre este tema y este fue mi favorito.<\/span><\/p>\n<p>[\/et_pb_testimonial][\/et_pb_column][et_pb_column type=\u00bb1_2&#8243; _builder_version=\u00bb4.16&#8243; custom_padding=\u00bb|||\u00bb global_colors_info=\u00bb{}\u00bb custom_padding__hover=\u00bb|||\u00bb][et_pb_testimonial author=\u00bbPaola Novello\u00bb portrait_url=\u00bbdata:image\/svg+xml;base64,PHN2ZyB3aWR0aD0iNTAwIiBoZWlnaHQ9IjUwMCIgdmlld0JveD0iMCAwIDUwMCA1MDAiIHhtbG5zPSJodHRwOi8vd3d3LnczLm9yZy8yMDAwL3N2ZyI+CiAgICA8ZyBmaWxsPSJub25lIiBmaWxsLXJ1bGU9ImV2ZW5vZGQiPgogICAgICAgIDxwYXRoIGZpbGw9IiNFQkVCRUIiIGQ9Ik0wIDBoNTAwdjUwMEgweiIvPgogICAgICAgIDxyZWN0IGZpbGwtb3BhY2l0eT0iLjEiIGZpbGw9IiMwMDAiIHg9IjY4IiB5PSIzMDUiIHdpZHRoPSIzNjQiIGhlaWdodD0iNTY4IiByeD0iMTgyIi8+CiAgICAgICAgPGNpcmNsZSBmaWxsLW9wYWNpdHk9Ii4xIiBmaWxsPSIjMDAwIiBjeD0iMjQ5IiBjeT0iMTcyIiByPSIxMDAiLz4KICAgIDwvZz4KPC9zdmc+Cg==\u00bb _builder_version=\u00bb4.16&#8243; global_colors_info=\u00bb{}\u00bb]<\/p>\n<p><span>Excelente elecci\u00f3n, desde ahora cuento con las herramientas para crear mejores oportunidades de empleo para mi y para otros!<\/span><\/p>\n<p>[\/et_pb_testimonial][\/et_pb_column][\/et_pb_row][et_pb_row _builder_version=\u00bb4.16&#8243; custom_padding=\u00bb0|0px|27px|0px|false|false\u00bb global_colors_info=\u00bb{}\u00bb][et_pb_column type=\u00bb4_4&#8243; _builder_version=\u00bb4.16&#8243; custom_padding=\u00bb|||\u00bb global_colors_info=\u00bb{}\u00bb custom_padding__hover=\u00bb|||\u00bb][et_pb_testimonial author=\u00bbEsther Fern\u00e1ndez Forner\u00f3n\u00bb portrait_url=\u00bbdata:image\/svg+xml;base64,PHN2ZyB3aWR0aD0iNTAwIiBoZWlnaHQ9IjUwMCIgdmlld0JveD0iMCAwIDUwMCA1MDAiIHhtbG5zPSJodHRwOi8vd3d3LnczLm9yZy8yMDAwL3N2ZyI+CiAgICA8ZyBmaWxsPSJub25lIiBmaWxsLXJ1bGU9ImV2ZW5vZGQiPgogICAgICAgIDxwYXRoIGZpbGw9IiNFQkVCRUIiIGQ9Ik0wIDBoNTAwdjUwMEgweiIvPgogICAgICAgIDxyZWN0IGZpbGwtb3BhY2l0eT0iLjEiIGZpbGw9IiMwMDAiIHg9IjY4IiB5PSIzMDUiIHdpZHRoPSIzNjQiIGhlaWdodD0iNTY4IiByeD0iMTgyIi8+CiAgICAgICAgPGNpcmNsZSBmaWxsLW9wYWNpdHk9Ii4xIiBmaWxsPSIjMDAwIiBjeD0iMjQ5IiBjeT0iMTcyIiByPSIxMDAiLz4KICAgIDwvZz4KPC9zdmc+Cg==\u00bb _builder_version=\u00bb4.16&#8243; global_colors_info=\u00bb{}\u00bb]<\/p>\n<p><span>Hasta ahora, superior a mi espectativa. Me sirvi\u00f3 mucho el pantallazo general hasta la lecci\u00f3n 12, y despu\u00e9s ya m\u00e1s espec\u00edficamente desde la 15. El sistema DAFO me abri\u00f3 la cabeza para ver d\u00f3nde estamos parados. Igual a eso fue el calendario editorial, \u00e9l m\u00edo era muy limitado. Vamos para adelante!!<\/span><\/p>\n<p>[\/et_pb_testimonial][\/et_pb_column][\/et_pb_row][et_pb_row _builder_version=\u00bb4.16&#8243; custom_padding=\u00bb0|0px|0|0px|false|false\u00bb global_colors_info=\u00bb{}\u00bb][et_pb_column type=\u00bb4_4&#8243; _builder_version=\u00bb4.16&#8243; custom_padding=\u00bb|||\u00bb global_colors_info=\u00bb{}\u00bb custom_padding__hover=\u00bb|||\u00bb][et_pb_divider color=\u00bb#000000&#8243; divider_weight=\u00bb3px\u00bb _builder_version=\u00bb4.16&#8243; global_colors_info=\u00bb{}\u00bb][\/et_pb_divider][\/et_pb_column][\/et_pb_row][\/et_pb_section]<\/p>\n","protected":false},"excerpt":{"rendered":"<p>Soy Andr\u00e9s F. Barrab\u00e9s, profesor especializado en Redes Sociales y Community Management, impartiendo cursos subvencionados por la Generalitat de Catalunya y el Ministerio de Empleo y Seguridad Social de Espa\u00f1a. Estoy convencido de que el trabajo y la ense\u00f1anza telem\u00e1tica es el futuro. En mis cursos los alumnos aprenden a sacar m\u00e1s partido a las Redes Sociales para aplicarlo en su \u00e1mbito laboral. Tambi\u00e9n he trabajado varios a\u00f1os como instructor para Apple, qui\u00e9nes me formaron para ense\u00f1ar de una manera eficaz a la par que divertida.<\/p>\n<p>Ingeniero Inform\u00e1tico T\u00e9cnico de Gesti\u00f3n diplomado por la UPC (Universidad Polit\u00e9cnica de Catalunya). En el \u00faltimo cuatrimestre fui incluido en el programa ERASMUS para realizar el proyecto de final de carrera. Dicho proyecto fue supervisado y evaluado por la universidad de KTH (Kungliga Tekniska H\u00f6gskolan) en Suecia, en la que obtuve la calificaci\u00f3n de matr\u00edcula de honor.<\/p>\n<p>Despu\u00e9s del Erasmus, me dirig\u00ed a la escuela de dise\u00f1o ELISAVA, donde curs\u00e9 un postgrado sobre Dise\u00f1o y Usabilidad en Internet, el cual est\u00e1 homologado por la UPF (Universidad Pompeu Fabra). En este curso aprend\u00ed nuevas metodolog\u00edas para afrontar el mercado laboral, adem\u00e1s de perfeccionar mis conocimientos para desarrollar todo tipo de aplicaciones multimedia, web y\/o de dise\u00f1o.<\/p>\n<p>Despu\u00e9s del postgrado empec\u00e9 a estudiar la licenciatura de Comunicaci\u00f3n Audiovisual en la Universidad de Barcelona. En el \u00faltimo curso, gan\u00e9 una plaza S\u00e9neca que me permiti\u00f3 finalizar los estudios en la Universidad Carlos III de Madrid. Durante mi estancia en la capital, disfrute de unas instalaciones excelentes y aprend\u00ed nuevos conocimientos cinematogr\u00e1ficos debido al distinto enfoque de esta universidad.<\/p>\n<p>En conclusi\u00f3n, las diferentes universidades en las que he estudiado me han ayudado a complementar mis conocimientos para poder orientarme a un futuro profesional m\u00e1s rico y creativo. Personalmente, creo que la formaci\u00f3n recibida en estos a\u00f1os, me ha ayudado tanto en el campo acad\u00e9mico, tanto como en el social. Gracias a la diversa gente con la que he tratado, cuento con una perspectiva m\u00e1s amplia sobre el mundo laboral en el que me desenvuelvo.<\/p>\n","protected":false},"author":2,"featured_media":0,"parent":0,"menu_order":0,"comment_status":"closed","ping_status":"closed","template":"","meta":{"_et_pb_use_builder":"on","_et_pb_old_content":"","_et_gb_content_width":"","footnotes":""},"class_list":["post-742","page","type-page","status-publish","hentry"],"_links":{"self":[{"href":"https:\/\/barrabesmil.net\/digitalnomad\/wp-json\/wp\/v2\/pages\/742","targetHints":{"allow":["GET"]}}],"collection":[{"href":"https:\/\/barrabesmil.net\/digitalnomad\/wp-json\/wp\/v2\/pages"}],"about":[{"href":"https:\/\/barrabesmil.net\/digitalnomad\/wp-json\/wp\/v2\/types\/page"}],"author":[{"embeddable":true,"href":"https:\/\/barrabesmil.net\/digitalnomad\/wp-json\/wp\/v2\/users\/2"}],"replies":[{"embeddable":true,"href":"https:\/\/barrabesmil.net\/digitalnomad\/wp-json\/wp\/v2\/comments?post=742"}],"version-history":[{"count":10,"href":"https:\/\/barrabesmil.net\/digitalnomad\/wp-json\/wp\/v2\/pages\/742\/revisions"}],"predecessor-version":[{"id":1772,"href":"https:\/\/barrabesmil.net\/digitalnomad\/wp-json\/wp\/v2\/pages\/742\/revisions\/1772"}],"wp:attachment":[{"href":"https:\/\/barrabesmil.net\/digitalnomad\/wp-json\/wp\/v2\/media?parent=742"}],"curies":[{"name":"wp","href":"https:\/\/api.w.org\/{rel}","templated":true}]}}