{"id":531,"date":"2015-06-05T12:22:20","date_gmt":"2015-06-05T12:22:20","guid":{"rendered":"https:\/\/barrabesmil.net\/blogs\/barrabesmil\/?page_id=531"},"modified":"2023-02-10T05:12:18","modified_gmt":"2023-02-10T05:12:18","slug":"certificaciones","status":"publish","type":"page","link":"https:\/\/barrabesmil.net\/digitalnomad\/certificaciones\/","title":{"rendered":"Certificaciones"},"content":{"rendered":"<p class=\"p1\">Soy Licenciado en Comunicaci\u00f3n Audiovisual e Ingeniero Inform\u00e1tico. Creativo, extremadamente curioso por las nuevas tecnolog\u00edas y el marketing. En el portfolio incluyo diversos trabajos y proyectos donde pongo en pr\u00e1ctica habilidades que son fundamentales para el \u00e9xito de cualquier <strong>Estrategia de Medios Sociales<\/strong>.<\/p>\n<h4 class=\"p3\"><b>Certificaciones de Apple en montaje de video y animaci\u00f3n<\/b><\/h4>\n<p class=\"p1\"><strong>\uf8ff <\/strong>Final Cut Studio Master Pro<\/p>\n<p class=\"p1\"><strong>\uf8ff <\/strong>Apple Certified Pro \u2013 Final Cut Pro X<\/p>\n<p class=\"p1\"><strong>\uf8ff <\/strong>Apple Certified Pro \u2013 Motion 5<\/p>\n<p><strong>\uf8ff <\/strong>Apple Certified Pro \u2013 Final Cut Pro 7<\/p>\n<p class=\"p1\"><strong>\uf8ff <\/strong>Apple Certified Pro \u2013 Motion 4<\/p>\n<p class=\"p1\"><strong>\uf8ff <\/strong>Apple Certified Pro \u2013 Color<\/p>\n<p class=\"p1\"><strong>\uf8ff <\/strong>Apple Certified Pro \u2013 Compressor 3.5<\/p>\n<h4 class=\"p3\"><b>Habilidades <\/b><\/h4>\n<p class=\"p1\">&#8211; Conocimientos avanzados de<b> Marketing Digital <\/b>y sus herramientas.<\/p>\n<p>&#8211; Idiomas: <strong>Catal\u00e1n, Castellano, Ingl\u00e9s <\/strong>y <strong>Franc\u00e9s<\/strong>.<\/p>\n<p class=\"p1\">&#8211; Excelentes <b>relaciones interpersonales<\/b>.<\/p>\n<p class=\"p1\">&#8211; Gran capacidad e <strong>inter\u00e9s por aprender cosas nuevas<\/strong>.<\/p>\n<p class=\"p1\">&#8211; Fan de la <b>automatizaci\u00f3n <\/b>a trav\u00e9s del <strong>CRM<\/strong> <b>Hubspot<\/b><\/p>\n<p class=\"p1\">&#8211; Cre\u00e9 mis propios <b>NFTs<\/b> para entender el proceso y en un futuro sacar partido a estos conocimientos.<\/p>\n<p class=\"p1\">&#8211; Dominio avanzado en programas de dise\u00f1o como <b>Photoshop<\/b>, <b>Pixelmator<\/b> o <b>Procreate<\/b>.<\/p>\n<p class=\"p1\">&#8211; Experto en <strong>edici\u00f3n de video <\/strong>y <strong>animaci\u00f3n<\/strong>.<\/p>\n<p class=\"p1\">&#8211; Me ayudo de diferentes <b>IA <\/b>para generar o parafrasear textos o im\u00e1genes m\u00e1s r\u00e1pido.<\/p>\n<p class=\"p1\">&#8211; Streaming en Twitch y Youtube usando <b>OBS Studio<\/b>.<\/p>\n<p class=\"p1\">&#8211; Domino la creaci\u00f3n de <strong>Layouts<\/strong> animados para la retransmisi\u00f3n en directo en <strong>Streaming<\/strong>.<\/p>\n<p>&#8211; M\u00e1s de 15 a\u00f1os de experiencia retransmitiendo un <strong>Podcast de Radio<\/strong> Semanal (Ivoox, Spotify, iTunes, Twitch, Youtube).<\/p>\n<p class=\"p1\">&#8211; Interpretaci\u00f3n de Datos: <b>Google Analytics<\/b>, <b>Youtube analytics<\/b>, Amazon Dashboard.<\/p>\n<p>&#8211;<strong> El don de la palabra<\/strong>, acostumbrado a explicar conceptos de una manera agradable, clara y concisa (<strong>Apple way<\/strong>).<\/p>\n<p>&#8211; <strong>Formador<\/strong> tanto presencial como para medios telem\u00e1ticos confeccionado<strong>\u00a0tutoriales<\/strong> de calidad.<\/p>\n<p>&nbsp;<\/p>\n","protected":false},"excerpt":{"rendered":"<p>Soy Licenciado en Comunicaci\u00f3n Audiovisual e Ingeniero Inform\u00e1tico. Creativo, extremadamente curioso por las nuevas tecnolog\u00edas y el marketing. En el portfolio incluyo diversos trabajos y proyectos donde pongo en pr\u00e1ctica habilidades que son fundamentales para el \u00e9xito de cualquier Estrategia de Medios Sociales. Certificaciones de Apple en montaje de video y animaci\u00f3n \uf8ff Final Cut [&hellip;]<\/p>\n","protected":false},"author":2,"featured_media":0,"parent":0,"menu_order":0,"comment_status":"closed","ping_status":"closed","template":"","meta":{"_et_pb_use_builder":"","_et_pb_old_content":"","_et_gb_content_width":"","footnotes":""},"class_list":["post-531","page","type-page","status-publish","hentry"],"_links":{"self":[{"href":"https:\/\/barrabesmil.net\/digitalnomad\/wp-json\/wp\/v2\/pages\/531","targetHints":{"allow":["GET"]}}],"collection":[{"href":"https:\/\/barrabesmil.net\/digitalnomad\/wp-json\/wp\/v2\/pages"}],"about":[{"href":"https:\/\/barrabesmil.net\/digitalnomad\/wp-json\/wp\/v2\/types\/page"}],"author":[{"embeddable":true,"href":"https:\/\/barrabesmil.net\/digitalnomad\/wp-json\/wp\/v2\/users\/2"}],"replies":[{"embeddable":true,"href":"https:\/\/barrabesmil.net\/digitalnomad\/wp-json\/wp\/v2\/comments?post=531"}],"version-history":[{"count":10,"href":"https:\/\/barrabesmil.net\/digitalnomad\/wp-json\/wp\/v2\/pages\/531\/revisions"}],"predecessor-version":[{"id":1356,"href":"https:\/\/barrabesmil.net\/digitalnomad\/wp-json\/wp\/v2\/pages\/531\/revisions\/1356"}],"wp:attachment":[{"href":"https:\/\/barrabesmil.net\/digitalnomad\/wp-json\/wp\/v2\/media?parent=531"}],"curies":[{"name":"wp","href":"https:\/\/api.w.org\/{rel}","templated":true}]}}