{"id":1045,"date":"2019-07-18T16:08:02","date_gmt":"2019-07-18T16:08:02","guid":{"rendered":"https:\/\/barrabesmil.net\/digitalnomad\/?page_id=1045"},"modified":"2025-09-20T11:26:50","modified_gmt":"2025-09-20T11:26:50","slug":"streamer","status":"publish","type":"page","link":"https:\/\/barrabesmil.net\/digitalnomad\/streamer\/","title":{"rendered":"Streamer"},"content":{"rendered":"<p>[et_pb_section fb_built=\u00bb1&#8243; _builder_version=\u00bb4.16&#8243; custom_padding=\u00bb0|0px|18px|0px|false|false\u00bb global_colors_info=\u00bb{}\u00bb][et_pb_row _builder_version=\u00bb4.16&#8243; custom_padding=\u00bb0|0px|27px|0px|false|false\u00bb global_colors_info=\u00bb{}\u00bb][et_pb_column type=\u00bb4_4&#8243; _builder_version=\u00bb4.16&#8243; custom_padding=\u00bb|||\u00bb global_colors_info=\u00bb{}\u00bb custom_padding__hover=\u00bb|||\u00bb][et_pb_cta title=\u00bbBlock Surprise\u00bb button_url=\u00bbhttp:\/\/www.youtube.com\/c\/blocksurprise\/\u00bb url_new_window=\u00bbon\u00bb button_text=\u00bbVisita el canal de Youtube\u00bb _builder_version=\u00bb4.16&#8243; header_level=\u00bbh1&#8243; header_font=\u00bb||||||||\u00bb use_background_color_gradient=\u00bbon\u00bb background_color_gradient_stops=\u00bb#a600ed 0%|#180021 100%\u00bb background_color_gradient_start=\u00bb#a600ed\u00bb background_color_gradient_end=\u00bb#180021&#8243; link_option_url_new_window=\u00bbon\u00bb global_colors_info=\u00bb{}\u00bb]<\/p>\n<p><img loading=\"lazy\" decoding=\"async\" src=\"https:\/\/barrabesmil.net\/digitalnomad\/wp-content\/uploads\/2019\/02\/sonic-CIRCULO-BLOCK-SURPRISE-LOGO-00.png\" alt=\"\" class=\"wp-image-902 alignnone size-medium\" width=\"300\" height=\"300\" srcset=\"https:\/\/barrabesmil.net\/digitalnomad\/wp-content\/uploads\/2019\/02\/sonic-CIRCULO-BLOCK-SURPRISE-LOGO-00.png 300w, https:\/\/barrabesmil.net\/digitalnomad\/wp-content\/uploads\/2019\/02\/sonic-CIRCULO-BLOCK-SURPRISE-LOGO-00-150x150.png 150w\" sizes=\"auto, (max-width: 300px) 100vw, 300px\" \/><\/p>\n<p><strong>Block Surprise<\/strong> es mi canal nicho sobre Sonic el Erizo. Me he especializado en el juego Sonic Mania y tengo m\u00e1s de <strong>33.000 suscriptores<\/strong> y varios videos con millones de visitas.\u00a0<span style=\"font-size: 14px;\">He escuchado todo el feedback de mi audiencia para continuar desarrollando este proyecto, y parece que el algoritmo de <strong>Youtube<\/strong> me ha recompensado d\u00e1ndome m\u00e1s visitas y suscriptores. Este flujo continuo de visitas se ha convertido en un interesante <strong>complemento econ\u00f3mico mensual<\/strong>.<\/span><\/p>\n<p>[\/et_pb_cta][\/et_pb_column][\/et_pb_row][et_pb_row column_structure=\u00bb1_3,1_3,1_3&#8243; _builder_version=\u00bb4.16&#8243; custom_padding=\u00bb27px|0px|1px|0px|false|false\u00bb global_colors_info=\u00bb{}\u00bb][et_pb_column type=\u00bb1_3&#8243; _builder_version=\u00bb4.16&#8243; custom_padding=\u00bb|||\u00bb global_colors_info=\u00bb{}\u00bb custom_padding__hover=\u00bb|||\u00bb][et_pb_cta title=\u00bbAnalytics\u00bb button_text=\u00bbClick Here\u00bb _builder_version=\u00bb4.16&#8243; header_level=\u00bbh1&#8243; header_font=\u00bb||||||||\u00bb header_text_color=\u00bb#000000&#8243; use_background_color=\u00bboff\u00bb global_colors_info=\u00bb{}\u00bb]<\/p>\n<p><a href=\"https:\/\/www.youtube.com\/watch?v=kiF7EM6eotU&amp;t=34s\" target=\"_blank\" rel=\"noopener noreferrer\" title=\"Block Surprise. Video con 2 millones de visitas.\"><img loading=\"lazy\" decoding=\"async\" src=\"https:\/\/barrabesmil.net\/digitalnomad\/wp-content\/uploads\/2019\/02\/logo_creator_studio-vfl5tUxi3-300x300.png\" width=\"190\" height=\"190\" alt=\"\" class=\"wp-image-936 alignnone size-medium\" srcset=\"https:\/\/barrabesmil.net\/digitalnomad\/wp-content\/uploads\/2019\/02\/logo_creator_studio-vfl5tUxi3-300x300.png 300w, https:\/\/barrabesmil.net\/digitalnomad\/wp-content\/uploads\/2019\/02\/logo_creator_studio-vfl5tUxi3-150x150.png 150w, https:\/\/barrabesmil.net\/digitalnomad\/wp-content\/uploads\/2019\/02\/logo_creator_studio-vfl5tUxi3.png 512w\" sizes=\"auto, (max-width: 190px) 100vw, 190px\" \/><\/a><\/p>\n<h2 class=\"et_pb_module_header et-fb-editable-element et-fb-editable-element__editing\" data-shortcode-id=\"1.0.1.1-1550428633400\" data-quickaccess-id=\"header\" contenteditable=\"true\"><a href=\"www.youtube.com\/c\/blocksurprise\/\">\u00a0Block Surprise<\/a><\/h2>\n<p>[\/et_pb_cta][\/et_pb_column][et_pb_column type=\u00bb1_3&#8243; _builder_version=\u00bb4.16&#8243; custom_padding=\u00bb|||\u00bb global_colors_info=\u00bb{}\u00bb custom_padding__hover=\u00bb|||\u00bb][et_pb_circle_counter title=\u00bbVideos Sugeridos\u00bb number=\u00bb77&#8243; bar_bg_color=\u00bb#e02b20&#8243; _builder_version=\u00bb4.16&#8243; title_font=\u00bb||||||||\u00bb number_font=\u00bb||||||||\u00bb number_text_color=\u00bb#000000&#8243; global_colors_info=\u00bb{}\u00bb][\/et_pb_circle_counter][\/et_pb_column][et_pb_column type=\u00bb1_3&#8243; _builder_version=\u00bb4.16&#8243; custom_padding=\u00bb|||\u00bb global_colors_info=\u00bb{}\u00bb custom_padding__hover=\u00bb|||\u00bb][et_pb_number_counter title=\u00bbMillones de Visualizaciones\u00bb number=\u00bb23&#8243; percent_sign=\u00bboff\u00bb _builder_version=\u00bb4.21.0&#8243; number_font=\u00bb||||||||\u00bb number_text_color=\u00bb#e02b20&#8243; hover_enabled=\u00bb0&#8243; global_colors_info=\u00bb{}\u00bb sticky_enabled=\u00bb0&#8243;][\/et_pb_number_counter][et_pb_number_counter title=\u00bbSubscriptores\u00bb number=\u00bb33,000&#8243; percent_sign=\u00bboff\u00bb _builder_version=\u00bb4.16&#8243; number_font=\u00bb||||||||\u00bb number_text_color=\u00bb#e02b20&#8243; global_colors_info=\u00bb{}\u00bb][\/et_pb_number_counter][\/et_pb_column][\/et_pb_row][\/et_pb_section]<\/p>\n","protected":false},"excerpt":{"rendered":"<p>Block Surprise es mi canal nicho sobre Sonic el Erizo. Me he especializado en el juego Sonic Mania y tengo m\u00e1s de 33.000 suscriptores y varios videos con millones de visitas.\u00a0He escuchado todo el feedback de mi audiencia para continuar desarrollando este proyecto, y parece que el algoritmo de Youtube me ha recompensado d\u00e1ndome m\u00e1s [&hellip;]<\/p>\n","protected":false},"author":2,"featured_media":0,"parent":0,"menu_order":0,"comment_status":"closed","ping_status":"closed","template":"","meta":{"_et_pb_use_builder":"on","_et_pb_old_content":"<!-- wp:divi\/placeholder \/-->","_et_gb_content_width":"","footnotes":""},"class_list":["post-1045","page","type-page","status-publish","hentry"],"_links":{"self":[{"href":"https:\/\/barrabesmil.net\/digitalnomad\/wp-json\/wp\/v2\/pages\/1045","targetHints":{"allow":["GET"]}}],"collection":[{"href":"https:\/\/barrabesmil.net\/digitalnomad\/wp-json\/wp\/v2\/pages"}],"about":[{"href":"https:\/\/barrabesmil.net\/digitalnomad\/wp-json\/wp\/v2\/types\/page"}],"author":[{"embeddable":true,"href":"https:\/\/barrabesmil.net\/digitalnomad\/wp-json\/wp\/v2\/users\/2"}],"replies":[{"embeddable":true,"href":"https:\/\/barrabesmil.net\/digitalnomad\/wp-json\/wp\/v2\/comments?post=1045"}],"version-history":[{"count":10,"href":"https:\/\/barrabesmil.net\/digitalnomad\/wp-json\/wp\/v2\/pages\/1045\/revisions"}],"predecessor-version":[{"id":1816,"href":"https:\/\/barrabesmil.net\/digitalnomad\/wp-json\/wp\/v2\/pages\/1045\/revisions\/1816"}],"wp:attachment":[{"href":"https:\/\/barrabesmil.net\/digitalnomad\/wp-json\/wp\/v2\/media?parent=1045"}],"curies":[{"name":"wp","href":"https:\/\/api.w.org\/{rel}","templated":true}]}}