{"id":428,"date":"2019-09-18T09:15:57","date_gmt":"2019-09-18T09:15:57","guid":{"rendered":"https:\/\/barrabesmil.net\/2de18\/?page_id=428"},"modified":"2019-09-18T14:44:09","modified_gmt":"2019-09-18T14:44:09","slug":"2de18-origins","status":"publish","type":"page","link":"https:\/\/barrabesmil.net\/2de18\/2de18-origins\/","title":{"rendered":"2de18 Origins"},"content":{"rendered":"\n<p><strong>Con este art\u00edculo present\u00e1bamos 2de18 en Abril de 2007.<\/strong><\/p>\n\n\n\n<p><strong>Nace 2de18, un programa sobre basket y Hip-Hop. En este art\u00edculo conocer\u00e9is el porqu\u00e9 del nombre 2de18 (seguro que alguno ya lo sabe). Y el tipo de historias que nos gustar\u00e1 contar.<\/strong><\/p>\n\n\n\n<p><strong><a target=\"_blank\" href=\"http:\/\/www.ultimatenba.com\/fichas\/estadisticas\/premios\/nba\/jugador\/JohnStarks-91.html\" rel=\"noreferrer noopener\">John Starks&nbsp;<\/a><\/strong>es, en s\u00ed mismo, el sue\u00f1o americano. Un tipo que pas\u00f3 de meter en bolsas las compras de los clientes de una tienda de comestibles a convertirse en el \u00eddolo del&nbsp;<strong>Madison Square Garden<\/strong>. Casi nada.<\/p>\n\n\n\n<p>Naci\u00f3 en&nbsp;<strong>Tulsa (Oklahoma)<\/strong>, la ciudad a la que env\u00edan a Chandler en la serie Friends, y de la que hacen bromas por ser aburrida e insulsa. Tuvo que jugar en varios colleges antes de acabar en&nbsp;<strong>Oklahoma State University<\/strong>.<\/p>\n\n\n\n<p>No fue escogido en el draft, as\u00ed que tuvo que jugar en ligas menores hasta que en la temporada 89\/90 le lleg\u00f3 una oportunidad en&nbsp;<strong>Golden State Warriors<\/strong>. No congeni\u00f3 con&nbsp;<strong><a target=\"_blank\" href=\"http:\/\/www.ultimatenba.com\/fichas\/estadisticas\/premios\/nba\/jugador\/DonNelson-558.html\" rel=\"noreferrer noopener\">Don Nelson&nbsp;<\/a><\/strong>, que era el entrenador, y tras jugar 36 partidos se tuvo que ir del equipo.<\/p>\n\n\n\n<p>Cuando iba a iniciarse la temporada 1990\/91 logr\u00f3 que los&nbsp;<strong>Knicks<\/strong>&nbsp;lo tuvieran a prueba. En un entrenamiento, John quiso demostrar su val\u00eda machacando ante&nbsp;<strong><a target=\"_blank\" href=\"http:\/\/www.ultimatenba.com\/fichas\/estadisticas\/premios\/nba\/jugador\/PatEwing-202.html\" rel=\"noreferrer noopener\">Pat Ewing&nbsp;<\/a><\/strong>. La jugada termin\u00f3 con nuestro hombre en el suelo\u2026 Y con un brazo roto.<\/p>\n\n\n\n<p>Lo que pudiera parecer una desgracia no lo fue ni mucho menos. Como en diciembre todav\u00eda no estaba recuperado las reglas de la NBA obligaban a los de Nueva York a firmarle un contrato garantizado.<\/p>\n\n\n\n<p>Por fin le hab\u00eda llegado su oportunidad. Y no la desaprovech\u00f3. Su en\u00e9rgica forma de jugar conect\u00f3 totalmente con el p\u00fablico neoyorquino, que lo convirti\u00f3 en su \u00eddolo. Temporada a temporada sus minutos aumentaban, y tambi\u00e9n su rendimiento.<\/p>\n\n\n\n<p>En las Finales de Conferencia de 1993, los&nbsp;<strong>Knicks<\/strong>&nbsp;lucharon (literalmente, porque m\u00e1s que partidos eran batallas) contra los&nbsp;<strong>Bulls<\/strong>&nbsp;de<strong>&nbsp;Jordan<\/strong>. En el segundo partido, en un ambiente electrizante y restando un minuto y medio para acabar,<strong>&nbsp;<a target=\"_blank\" href=\"http:\/\/www.ultimatenba.com\/fichas\/estadisticas\/premios\/nba\/jugador\/JohnStarks-91.html\" rel=\"noreferrer noopener\">John Starks&nbsp;<\/a><\/strong>logr\u00f3 uno de los mates m\u00e1s memorables de la historia. Aprovech\u00f3 una pantalla de&nbsp;<strong><a target=\"_blank\" href=\"http:\/\/www.ultimatenba.com\/fichas\/estadisticas\/premios\/nba\/jugador\/PatEwing-202.html\" rel=\"noreferrer noopener\">Pat Ewing&nbsp;<\/a><\/strong>para lanzarse como un poseso contra el aro y todo lo que se le pusiera de por medio.<br>Machac\u00f3 con la izquierda ante&nbsp;<strong><a target=\"_blank\" href=\"http:\/\/www.ultimatenba.com\/fichas\/estadisticas\/premios\/nba\/jugador\/HoraceGrant-267.html\" rel=\"noreferrer noopener\">Horace Grant&nbsp;<\/a><\/strong>y&nbsp;<strong><a target=\"_blank\" href=\"http:\/\/www.ultimatenba.com\/fichas\/estadisticas\/premios\/nba\/jugador\/MichaelJordan-22.html\" rel=\"noreferrer noopener\">Michael Jordan&nbsp;<\/a><\/strong>, que quedaron&nbsp;<em>\u201cposterizados\u201d<\/em>. El&nbsp;<strong>Madison<\/strong>&nbsp;se vino abajo. Los&nbsp;<strong>Knicks<\/strong>&nbsp;ganaron el partido. Los medios bautizaron la jugada como&nbsp;<em><a target=\"_blank\" href=\"http:\/\/www.ultimatenba.com\/videos\/basket\/NBA\/El_Mate_de_John_Starks-80.html\" rel=\"noreferrer noopener\">\u201cThe Dunk\u201d<\/a><\/em>. Y Starks declar\u00f3 \u201cEn ese momento me sent\u00ed bien. Me sent\u00ed todo lo bien que te puedas sentir en este mundo\u201d.<\/p>\n\n\n\n<figure class=\"wp-block-image\"><img loading=\"lazy\" decoding=\"async\" width=\"1024\" height=\"491\" src=\"https:\/\/barrabesmil.net\/2de18\/wp-content\/uploads\/2019\/09\/andrewStarks-1024x491.jpg\" alt=\"\" class=\"wp-image-492\" srcset=\"https:\/\/barrabesmil.net\/2de18\/wp-content\/uploads\/2019\/09\/andrewStarks-1024x491.jpg 1024w, https:\/\/barrabesmil.net\/2de18\/wp-content\/uploads\/2019\/09\/andrewStarks-300x144.jpg 300w, https:\/\/barrabesmil.net\/2de18\/wp-content\/uploads\/2019\/09\/andrewStarks-768x368.jpg 768w, https:\/\/barrabesmil.net\/2de18\/wp-content\/uploads\/2019\/09\/andrewStarks-1080x518.jpg 1080w\" sizes=\"auto, (max-width: 1024px) 100vw, 1024px\" \/><figcaption>Andrew delante del Madison Square Garden cuando viv\u00eda en NYC en 2009.<\/figcaption><\/figure>\n\n\n\n<p>En 1994 John ya formaba parte de la \u00e9lite de la liga, como lo demuestra su selecci\u00f3n para el All-Star disputado en Minneapolis.<br>Su sensacional temporada se vio reflejada en los \u00e9xitos de su equipo. Ya sin&nbsp;<a target=\"_blank\" href=\"http:\/\/www.ultimatenba.com\/fichas\/estadisticas\/premios\/nba\/jugador\/MichaelJordan-22.html\" rel=\"noreferrer noopener\">Michael Jordan&nbsp;<\/a>como rival, los Knicks alcanzaron las Finales.<\/p>\n\n\n\n<p>Pero el sue\u00f1o americano tambi\u00e9n puede convertirse en pesadilla. Como dec\u00eda Chiquito, una mala tarde la tiene cualquiera. Y John la tuvo el d\u00eda menos indicado.<\/p>\n\n\n\n<p>\u00bfQui\u00e9n no ha so\u00f1ado con jugar un s\u00e9ptimo partido de una Final de la NBA?<br>Starks jug\u00f3 ese partido el 22 de junio de 1994. Su estad\u00edstica al final del partido reflej\u00f3 un lamentabil\u00edsimo&nbsp;<strong>2 de 18<\/strong>&nbsp;en tiros de campo.&nbsp;<strong>2 de 18<\/strong>&nbsp;en un partido televisado a todo el Globo.&nbsp;<strong>2 de 18<\/strong>&nbsp;el d\u00eda en que Nueva York pod\u00edan conseguir el anillo 21 a\u00f1os despu\u00e9s (a d\u00eda de hoy siguen sin lograrlo, y lo que te rondar\u00e9 morena).<\/p>\n\n\n\n<p>Tres d\u00edas antes, en el sexto partido y con 86-84 en el marcador, Starks, que hab\u00eda conseguido 16 de sus 27 puntos en el \u00faltimo cuarto, no dud\u00f3 en lanzar un triple que hubiera dado el t\u00edtulo a los Knicks. \u00bfImagin\u00e1is lo que ese triple hubiera representado? Seguramente&nbsp;<a target=\"_blank\" href=\"http:\/\/www.ultimatenba.com\/fichas\/estadisticas\/premios\/nba\/jugador\/JohnStarks-91.html\" rel=\"noreferrer noopener\">John Starks&nbsp;<\/a>lo pensaba durante las mil\u00e9simas de segundo en que el bal\u00f3n vol\u00f3 hacia canasta, justo antes de que&nbsp;<strong><a target=\"_blank\" href=\"http:\/\/www.ultimatenba.com\/fichas\/estadisticas\/premios\/nba\/jugador\/HakeemOlajuwon-26.html\" rel=\"noreferrer noopener\">Hakeem Olajuwon&nbsp;<\/a><\/strong>lo punteara lo suficiente como para que no tocara ni aro.<\/p>\n\n\n\n<p>Para colmo de males&nbsp;<strong>Pat Riley<\/strong>&nbsp;dej\u00f3 los Knicks y en su lugar lleg\u00f3&nbsp;<strong><a target=\"_blank\" href=\"http:\/\/www.ultimatenba.com\/fichas\/estadisticas\/premios\/nba\/jugador\/DonNelson-558.html\" rel=\"noreferrer noopener\">Don Nelson&nbsp;<\/a><\/strong>, aunque no dur\u00f3 mucho en la Gran Manzana. Starks todav\u00eda permaneci\u00f3 4 a\u00f1os m\u00e1s en el equipo, en los que fue bajando progresivamente su rendimiento. Luego volvi\u00f3 a Golden State, jug\u00f3 en Chicago 4 partidos y acab\u00f3 sus dos \u00faltimas temporadas en Utah, muy lejos del glamour de la Gran Manzana.<\/p>\n\n\n\n<p>En total, 13 temporadas en la NBA y una muy buena carrera, marcada por el borr\u00f3n del s\u00e9ptimo partido de la Final de 1994.<\/p>\n\n\n\n<p>Estas son las historias que nos gustan a los componentes de&nbsp;<strong>\u201c2de18\u201d<\/strong>, y en homenaje a todos los Starks del mundo escogimos el nombre del programa.<\/p>\n\n\n\n<p><em><strong>*2de18<\/strong>&nbsp;es un programa semanal de basket y Hip-Hop que se emite por internet.<br>Lo pod\u00e9is encontrar en la web&nbsp;<strong>Scannerfm.com<\/strong>&nbsp;y en&nbsp;<strong><a href=\"http:\/\/www.2de18.com\/\">2de18.com<\/a><\/strong><\/em><\/p>\n","protected":false},"excerpt":{"rendered":"<p>Con este art\u00edculo present\u00e1bamos 2de18 en Abril de 2007. Nace 2de18, un programa sobre basket y Hip-Hop. En este art\u00edculo conocer\u00e9is el porqu\u00e9 del nombre 2de18 (seguro que alguno ya lo sabe). Y el tipo de historias que nos gustar\u00e1 contar. John Starks&nbsp;es, en s\u00ed mismo, el sue\u00f1o americano. Un tipo que pas\u00f3 de meter [&hellip;]<\/p>\n","protected":false},"author":2,"featured_media":0,"parent":0,"menu_order":0,"comment_status":"closed","ping_status":"closed","template":"","meta":{"_et_pb_use_builder":"off","_et_pb_old_content":"","footnotes":""},"class_list":["post-428","page","type-page","status-publish","hentry"],"_links":{"self":[{"href":"https:\/\/barrabesmil.net\/2de18\/wp-json\/wp\/v2\/pages\/428","targetHints":{"allow":["GET"]}}],"collection":[{"href":"https:\/\/barrabesmil.net\/2de18\/wp-json\/wp\/v2\/pages"}],"about":[{"href":"https:\/\/barrabesmil.net\/2de18\/wp-json\/wp\/v2\/types\/page"}],"author":[{"embeddable":true,"href":"https:\/\/barrabesmil.net\/2de18\/wp-json\/wp\/v2\/users\/2"}],"replies":[{"embeddable":true,"href":"https:\/\/barrabesmil.net\/2de18\/wp-json\/wp\/v2\/comments?post=428"}],"version-history":[{"count":3,"href":"https:\/\/barrabesmil.net\/2de18\/wp-json\/wp\/v2\/pages\/428\/revisions"}],"predecessor-version":[{"id":494,"href":"https:\/\/barrabesmil.net\/2de18\/wp-json\/wp\/v2\/pages\/428\/revisions\/494"}],"wp:attachment":[{"href":"https:\/\/barrabesmil.net\/2de18\/wp-json\/wp\/v2\/media?parent=428"}],"curies":[{"name":"wp","href":"https:\/\/api.w.org\/{rel}","templated":true}]}}