{"id":426,"date":"2019-09-18T09:14:45","date_gmt":"2019-09-18T09:14:45","guid":{"rendered":"https:\/\/barrabesmil.net\/2de18\/?page_id=426"},"modified":"2019-09-20T12:10:40","modified_gmt":"2019-09-20T12:10:40","slug":"team-2de18","status":"publish","type":"page","link":"https:\/\/barrabesmil.net\/2de18\/team-2de18\/","title":{"rendered":"TEAM 2de18"},"content":{"rendered":"[et_pb_section fb_built=\u00bb1&#8243; _builder_version=\u00bb3.19.10&#8243;][et_pb_row custom_padding=\u00bb27px|0px|0|0px|false|false\u00bb _builder_version=\u00bb3.19.10&#8243;][et_pb_column type=\u00bb4_4&#8243; _builder_version=\u00bb3.19.10&#8243; parallax=\u00bboff\u00bb parallax_method=\u00bbon\u00bb][et_pb_post_title meta=\u00bboff\u00bb featured_image=\u00bboff\u00bb _builder_version=\u00bb3.19.10&#8243;][\/et_pb_post_title][\/et_pb_column][\/et_pb_row][et_pb_row _builder_version=\u00bb3.19.10&#8243;][et_pb_column type=\u00bb4_4&#8243; _builder_version=\u00bb3.19.10&#8243; parallax=\u00bboff\u00bb parallax_method=\u00bbon\u00bb][et_pb_text _builder_version=\u00bb3.19.10&#8243;]<p><\/p>\n<p>Este es el 2de18 TEAM que gracias a la pasi\u00f3n por el baloncesto es capaz de sacar adelante la propuesta de este peculiar programa de radio sobre basket y hip hop.<\/p>\n<p> <\/p>\n<h2 class=\"wp-block-heading\"><strong>Sergio Calvo (aka Zerf) <\/strong><\/h2>\n<p> <\/p>\n<p><strong>Director\/Productor\/Presentador\/Loco del Basket <\/strong><\/p>\n<p> <\/p>\n<p>Cuando Pau Gasol se fue a la NBA cre\u00f3 ZerfNBA, que con el paso de los a\u00f1os se convertir\u00eda en UltimateNBA, una de las webs de referencia para los aficionados de la NBA en Espa\u00f1a. Cocreador, adem\u00e1s, de la liga virtual para los fan\u00e1ticos de la NBA, LigaFanatica.com.<\/p>\n<p> <\/p>\n<p>El basket le llev\u00f3 hasta Jap\u00f3n (\u201cmia questa lejoh Jap\u00f3n\u201d), donde vio a la Selecci\u00f3n Espa\u00f1ola ganar el Oro y a Gasol ser coronado como MVP.<\/p>\n<p> <\/p>\n<h2 class=\"wp-block-heading\"><strong>Andr\u00e9s F. Barrab\u00e9s <\/strong><\/h2>\n<p> <\/p>\n<p><strong>Director\/Productor\/Presentador\/Loco del Basket <\/strong><\/p>\n<p> <\/p>\n<p>Ha estado en Finales y en All Stars de la NBA y presenci\u00f3 en persona el tap\u00f3n de Vrankovic a Montero (\u00bfPero por qu\u00e9 no machac\u00f3!!?) en una Final en la que temi\u00f3 por su salud ante tanto griego. El baloncesto tambi\u00e9n le llev\u00f3 al para\u00edso en la tierra, la Rep\u00fablica Dominicana.<\/p>\n<p> <\/p>\n<p>Colabor\u00f3 en un proyecto de basket en la ONG Pro Mundi Tres. Creador de la web de 2de18.com.<\/p>\n<p> <\/p>\n<h2 class=\"wp-block-heading\"><strong>Kevin Costello <\/strong><\/h2>\n<p> <\/p>\n<p><strong>Presentador\/Loco del Basket\/Ex estrella de High School <\/strong><\/p>\n<p> <\/p>\n<p>Un tipo de Boston que ha estudiado periodismo e historia y que habla ingl\u00e9s, franc\u00e9s, castellano y catal\u00e1n&#8230; una joyita!<\/p>\n<p> <\/p>\n<p>El baloncesto corre por sus venas y su pasi\u00f3n por la NCAA le viene de familia. Tirador temible, el verde (de Penya y Celtics) es su color. A pesar de ser ciudadano americano no va armado ni come cada d\u00eda en McDonalds. Su acento da prestigio al programa, de eso no cabe duda.<\/p>\n<p> <\/p>\n<h2 class=\"wp-block-heading\"><strong>SoS\u00e9 <\/strong><\/h2>\n<p> <\/p>\n<p><strong>Redactor de Gigantes del Basket y colaborador de otros medios <\/strong><\/p>\n<p>(basketpasion.com, ultimatenba.com, &#8230;), es un gran amante del baloncesto, pero su gran pasi\u00f3n es el Streetball. As\u00ed que empieza y no acaba explicando las haza\u00f1as de sus \u00eddolos del Rucker Park: \u201cHomicide\u201d Williams, \u201cSkip To My Lou\u201d, &#8230;.<\/p>\n<p> <\/p>\n<p>V io cumplido su sue\u00f1o de visitar la Meca del Streetball, Rucker Park&#8230;. y volvi\u00f3 para contarlo.<\/p>\n<p> <\/p>\n<p>Su m\u00fasica, no hace falta decirlo, es el Rap.<\/p>\n<p> <\/p>\n<h2 class=\"wp-block-heading\"><strong>Kemp (lovezapas.es) <\/strong><\/h2>\n<p> <\/p>\n<p>Sin duda, una de las personas que m\u00e1s sabe de zapatillas de Espa\u00f1a. Sin exagerar&#8230; lo sabe TODO. La Cultura Sneaker Head se est\u00e1 introduciendo desde hace poco en nuestro pa\u00eds pero \u00e9l ya hace d\u00e9cadas que es un apasionado del tema.<\/p>\n<p> <\/p>\n<p>Seg\u00fan nos confes\u00f3, desde siempre, en lo primero que se fijaba de un partido de baloncesto, era en las zapatillas de los jugadores. Su web, LoveZapas.es, marca diferencias y es de visita obligatoria para cualquiera al que le interese el tema.<\/p>\n<p> <\/p>\n<h2 class=\"wp-block-heading\"><strong>Pastron#7 <\/strong><\/h2>\n<p> <\/p>\n<p>Se inici\u00f3 en la cultura Hip-Hop en los 80 cuando no hab\u00eda nada. Graffitero y colaborador habitual de la revista \u201cHip Hop Nation\u201d y de otros medios, si hay una movida relacionada con los Cuatro Elementos all\u00ed est\u00e1 \u00e9l. Su Tesis Doctoral versa sobre la historia del Hip Hop en Espa\u00f1a. Imparte una asignatura de Historia del Hip-Hop en la Universidad Complutense de Madrid.<\/p>\n<p> <\/p>\n<p>Es un Old School, pero como \u00e9l dice \u201crespeto m\u00e1ximo por lo que hiciste pero&#8230; \u00bfqu\u00e9 est\u00e1s haciendo ahora por el HH\u201d? Es un orgullo contar con \u00e9l para iniciarnos en la Cultura Hip Hop. \u00bfAlguien lo podr\u00eda hacer mejor?<\/p>\n<p> <\/p>\n<h2 class=\"wp-block-heading\"><strong>WhiteBoyz <\/strong><\/h2>\n<p> <\/p>\n<p>Grupo de agitadores culturales que, de momento, prefieren mantenerse en el anonimato. De ellos sabemos que son unos grandes amantes del basket y del Hip-Hop y que lo mismo crean caricaturas que realizan un montaje musical con aderez\u00e1ndolo con frases hist\u00f3ricas de la historia de basket.<\/p>\n<p> <\/p>\n<p>Tienen la delicadeza de hacer que sus audios tengan una duraci\u00f3n de&#8230; 2 minutos y 18 segundos. Eso es ser detallista, s\u00ed se\u00f1or.<\/p>\n<p> <\/p>\n<h2 class=\"wp-block-heading\"><strong>McMasilla <\/strong><\/h2>\n<p> <\/p>\n<p>Qu\u00e9 se puede esperar del cantante (\u201cy compositor\u201d, recuerda \u00e9l henchido de orgullo) de un grupo que, en su repertorio, tiene t\u00edtulos como \u201cJos\u00e9 Luis L\u00f3pez V\u00e1zquez\u201d, \u201cMonja\u201d o \u201cEl baile de las gambas\u201d.<\/p>\n<p> <\/p>\n<p>En sus temas de Techno\/Rap\/Metal no hablan de baloncesto, seg\u00fan \u00e9l \u201cpor el respeto que siente\u201d por nuestro deporte.<\/p>\n<p> <\/p>\n<p>Tranquilos no es peligroso.<\/p>\n<p><\/p>[\/et_pb_text][\/et_pb_column][\/et_pb_row][\/et_pb_section]","protected":false},"excerpt":{"rendered":"<p>[et_pb_section fb_built=\u00bb1&#8243; _builder_version=\u00bb3.19.10&#8243;][et_pb_row custom_padding=\u00bb27px|0px|0|0px|false|false\u00bb _builder_version=\u00bb3.19.10&#8243;][et_pb_column type=\u00bb4_4&#8243; _builder_version=\u00bb3.19.10&#8243; parallax=\u00bboff\u00bb parallax_method=\u00bbon\u00bb][et_pb_post_title meta=\u00bboff\u00bb featured_image=\u00bboff\u00bb _builder_version=\u00bb3.19.10&#8243;][\/et_pb_post_title][\/et_pb_column][\/et_pb_row][et_pb_row _builder_version=\u00bb3.19.10&#8243;][et_pb_column type=\u00bb4_4&#8243; _builder_version=\u00bb3.19.10&#8243; parallax=\u00bboff\u00bb parallax_method=\u00bbon\u00bb][et_pb_text _builder_version=\u00bb3.19.10&#8243;] Este es el 2de18 TEAM que gracias a la pasi\u00f3n por el baloncesto es capaz de sacar adelante la propuesta de este peculiar programa de radio sobre basket y hip hop. Sergio Calvo (aka Zerf) Director\/Productor\/Presentador\/Loco del [&hellip;]<\/p>\n","protected":false},"author":2,"featured_media":0,"parent":0,"menu_order":0,"comment_status":"closed","ping_status":"closed","template":"","meta":{"_et_pb_use_builder":"on","_et_pb_old_content":"","footnotes":""},"class_list":["post-426","page","type-page","status-publish","hentry"],"_links":{"self":[{"href":"https:\/\/barrabesmil.net\/2de18\/wp-json\/wp\/v2\/pages\/426","targetHints":{"allow":["GET"]}}],"collection":[{"href":"https:\/\/barrabesmil.net\/2de18\/wp-json\/wp\/v2\/pages"}],"about":[{"href":"https:\/\/barrabesmil.net\/2de18\/wp-json\/wp\/v2\/types\/page"}],"author":[{"embeddable":true,"href":"https:\/\/barrabesmil.net\/2de18\/wp-json\/wp\/v2\/users\/2"}],"replies":[{"embeddable":true,"href":"https:\/\/barrabesmil.net\/2de18\/wp-json\/wp\/v2\/comments?post=426"}],"version-history":[{"count":8,"href":"https:\/\/barrabesmil.net\/2de18\/wp-json\/wp\/v2\/pages\/426\/revisions"}],"predecessor-version":[{"id":497,"href":"https:\/\/barrabesmil.net\/2de18\/wp-json\/wp\/v2\/pages\/426\/revisions\/497"}],"wp:attachment":[{"href":"https:\/\/barrabesmil.net\/2de18\/wp-json\/wp\/v2\/media?parent=426"}],"curies":[{"name":"wp","href":"https:\/\/api.w.org\/{rel}","templated":true}]}}